{"id":334,"date":"2013-11-05T12:10:21","date_gmt":"2013-11-05T10:10:21","guid":{"rendered":"http:\/\/www.ltf.de\/?page_id=334"},"modified":"2022-10-22T12:16:25","modified_gmt":"2022-10-22T10:16:25","slug":"shop","status":"publish","type":"page","link":"https:\/\/www.ltf.de\/?page_id=334","title":{"rendered":"Vereinskleidung"},"content":{"rendered":"\n<figure class=\"wp-block-image size-full\"><a href=\"https:\/\/www.ltf.de\/wp-content\/uploads\/2022\/04\/grafik-6.png\"><img loading=\"lazy\" decoding=\"async\" width=\"580\" height=\"805\" src=\"https:\/\/www.ltf.de\/wp-content\/uploads\/2022\/04\/grafik-6.png\" alt=\"\" class=\"wp-image-2656\" srcset=\"https:\/\/www.ltf.de\/wp-content\/uploads\/2022\/04\/grafik-6.png 580w, https:\/\/www.ltf.de\/wp-content\/uploads\/2022\/04\/grafik-6-216x300.png 216w\" sizes=\"auto, (max-width: 580px) 100vw, 580px\" \/><\/a><\/figure>\n\n\n\n<p>Unsere neue Vereinskollektion ist von der Firma Newline und wird in regelm\u00e4\u00dfigen Abst\u00e4nden erweitert. In der Produktbeschreibung findet ihr alle Angaben zum jeweiligen Artikel. Trotzdem empfehlen wir, nach Absprache, alle Artikel im Lauftreff anzuprobieren, da die Kleidung eher kleiner ausf\u00e4llt.<\/p>\n\n\n\n<p>Grunds\u00e4tzlich k\u00f6nnt ihr eure Bestellung \u00fcber das am Ende aufgef\u00fchrte Formular abgeben. Hier bitte Angabe des Artikels und der entsprechenden Gr\u00f6\u00dfe m\u00e4nnlich\/weiblich. Im ersten Schritt werden wir eine Sammelbestellung vornehmen.<\/p>\n\n\n\n<p>In K\u00fcrze bieten wir in der Cafeteria(Sporthalle Marpingen) alle Produkte zur Anprobe an. Danach, wie schon erw\u00e4hnt, im Lauftreff nach Absprache.<\/p>\n\n\n\n<p>Es k\u00f6nnen auch eigene Laufkleider bedruckt werden.<\/p>\n\n\n\n<p class=\"has-large-font-size\"><strong><mark style=\"background-color:#fff\" class=\"has-inline-color has-blue-color\">CORE RUNNING T-SHIRT S\/S<\/mark><\/strong><\/p>\n\n\n\n<figure class=\"wp-block-gallery has-nested-images columns-default is-cropped wp-block-gallery-1 is-layout-flex wp-block-gallery-is-layout-flex\">\n<figure class=\"wp-block-image size-large\"><a href=\"https:\/\/www.ltf.de\/wp-content\/uploads\/2022\/04\/trikR-scaled.jpg\"><img loading=\"lazy\" decoding=\"async\" width=\"2560\" height=\"2240\" data-id=\"2533\" src=\"https:\/\/www.ltf.de\/wp-content\/uploads\/2022\/04\/trikR-scaled.jpg\" alt=\"\" class=\"wp-image-2533\" srcset=\"https:\/\/www.ltf.de\/wp-content\/uploads\/2022\/04\/trikR-scaled.jpg 2560w, https:\/\/www.ltf.de\/wp-content\/uploads\/2022\/04\/trikR-300x262.jpg 300w, https:\/\/www.ltf.de\/wp-content\/uploads\/2022\/04\/trikR-1024x896.jpg 1024w, https:\/\/www.ltf.de\/wp-content\/uploads\/2022\/04\/trikR-768x672.jpg 768w, https:\/\/www.ltf.de\/wp-content\/uploads\/2022\/04\/trikR-1536x1344.jpg 1536w, https:\/\/www.ltf.de\/wp-content\/uploads\/2022\/04\/trikR-2048x1792.jpg 2048w\" sizes=\"auto, (max-width: 2560px) 100vw, 2560px\" \/><\/a><\/figure>\n\n\n\n<figure class=\"wp-block-image size-large\"><a href=\"https:\/\/www.ltf.de\/wp-content\/uploads\/2022\/04\/trik-scaled.jpg\"><img loading=\"lazy\" decoding=\"async\" width=\"2560\" height=\"2340\" data-id=\"2531\" src=\"https:\/\/www.ltf.de\/wp-content\/uploads\/2022\/04\/trik-scaled.jpg\" alt=\"\" class=\"wp-image-2531\" srcset=\"https:\/\/www.ltf.de\/wp-content\/uploads\/2022\/04\/trik-scaled.jpg 2560w, https:\/\/www.ltf.de\/wp-content\/uploads\/2022\/04\/trik-300x274.jpg 300w, https:\/\/www.ltf.de\/wp-content\/uploads\/2022\/04\/trik-1024x936.jpg 1024w, https:\/\/www.ltf.de\/wp-content\/uploads\/2022\/04\/trik-768x702.jpg 768w, https:\/\/www.ltf.de\/wp-content\/uploads\/2022\/04\/trik-1536x1404.jpg 1536w, https:\/\/www.ltf.de\/wp-content\/uploads\/2022\/04\/trik-2048x1872.jpg 2048w\" sizes=\"auto, (max-width: 2560px) 100vw, 2560px\" \/><\/a><\/figure>\n<\/figure>\n\n\n\n<figure class=\"wp-block-table\"><table><tbody><tr><td>Preis<\/td><td>14,00\u20ac<\/td><\/tr><tr><td>Gr\u00f6\u00dfen<\/td><td>Men: S &#8211; M &#8211; L &#8211; XL &#8211; 2XL<br>Woman: XS &#8211; S &#8211; M L &#8211; XL<\/td><\/tr><tr><td>Beschreibung<\/td><td>&#8211; 100% Polyester<br>&#8211; Laufshirt aus Mesh-Jerseystoff<br>&#8211; Reflektierender Logodruck auf Vorder- &amp; R\u00fcckseite<br>&#8211; Regular Fit<br>&#8211; Atmungsaktiv<br>&#8211; Leichtes Material<\/td><\/tr><\/tbody><\/table><figcaption>CORE RUNNING T-SCHIRT S\/S<\/figcaption><\/figure>\n\n\n\n<p class=\"has-large-font-size\"><strong><mark style=\"background-color:#fff\" class=\"has-inline-color has-blue-color\">CORE RUNNING SINGLET<\/mark><\/strong><\/p>\n\n\n\n<figure class=\"wp-block-gallery has-nested-images columns-default is-cropped wp-block-gallery-2 is-layout-flex wp-block-gallery-is-layout-flex\">\n<figure class=\"wp-block-image size-large\"><a href=\"https:\/\/www.ltf.de\/wp-content\/uploads\/2022\/04\/Singl-scaled.jpg\"><img loading=\"lazy\" decoding=\"async\" width=\"983\" height=\"1024\" data-id=\"2544\" src=\"https:\/\/www.ltf.de\/wp-content\/uploads\/2022\/04\/Singl-983x1024.jpg\" alt=\"\" class=\"wp-image-2544\" srcset=\"https:\/\/www.ltf.de\/wp-content\/uploads\/2022\/04\/Singl-983x1024.jpg 983w, https:\/\/www.ltf.de\/wp-content\/uploads\/2022\/04\/Singl-288x300.jpg 288w, https:\/\/www.ltf.de\/wp-content\/uploads\/2022\/04\/Singl-768x800.jpg 768w, https:\/\/www.ltf.de\/wp-content\/uploads\/2022\/04\/Singl-1475x1536.jpg 1475w, https:\/\/www.ltf.de\/wp-content\/uploads\/2022\/04\/Singl-1967x2048.jpg 1967w\" sizes=\"auto, (max-width: 983px) 100vw, 983px\" \/><\/a><\/figure>\n\n\n\n<figure class=\"wp-block-image size-large\"><a href=\"https:\/\/www.ltf.de\/wp-content\/uploads\/2022\/04\/SinglR-scaled.jpg\"><img loading=\"lazy\" decoding=\"async\" width=\"1013\" height=\"1024\" data-id=\"2543\" src=\"https:\/\/www.ltf.de\/wp-content\/uploads\/2022\/04\/SinglR-1013x1024.jpg\" alt=\"\" class=\"wp-image-2543\" srcset=\"https:\/\/www.ltf.de\/wp-content\/uploads\/2022\/04\/SinglR-1013x1024.jpg 1013w, https:\/\/www.ltf.de\/wp-content\/uploads\/2022\/04\/SinglR-297x300.jpg 297w, https:\/\/www.ltf.de\/wp-content\/uploads\/2022\/04\/SinglR-768x777.jpg 768w, https:\/\/www.ltf.de\/wp-content\/uploads\/2022\/04\/SinglR-1519x1536.jpg 1519w, https:\/\/www.ltf.de\/wp-content\/uploads\/2022\/04\/SinglR-2025x2048.jpg 2025w\" sizes=\"auto, (max-width: 1013px) 100vw, 1013px\" \/><\/a><\/figure>\n<\/figure>\n\n\n\n<figure class=\"wp-block-table\"><table><tbody><tr><td>Preis<\/td><td>13,00\u20ac<\/td><\/tr><tr><td>Gr\u00f6\u00dfen<\/td><td>Men: S &#8211; M &#8211; L &#8211; XL &#8211; 2XL<br>Woman: XS &#8211; S &#8211; M &#8211; L &#8211; XL<\/td><\/tr><tr><td>Beschreibung<\/td><td>&#8211; 100% Polyester<br>&#8211; Tanktop aus Mesh-Jerseystoff<br>&#8211; Reflektierender Logodruck auf Vorder- &amp; R\u00fcckseite<br>&#8211; Regular Fit<br>&#8211; Atmungsaktiv<br>&#8211; Leichtes Material<\/td><\/tr><\/tbody><\/table><figcaption>CORE RUNNING SINGLET<\/figcaption><\/figure>\n\n\n\n<p class=\"has-large-font-size\"><strong><mark style=\"background-color:#fff\" class=\"has-inline-color has-blue-color\">CORE RUNNING L\/S TEE<\/mark><\/strong><\/p>\n\n\n\n<figure class=\"wp-block-gallery has-nested-images columns-default is-cropped wp-block-gallery-3 is-layout-flex wp-block-gallery-is-layout-flex\">\n<figure class=\"wp-block-image size-large\"><a href=\"https:\/\/www.ltf.de\/wp-content\/uploads\/2022\/04\/Langarm-scaled.jpg\"><img loading=\"lazy\" decoding=\"async\" width=\"1024\" height=\"723\" data-id=\"2549\" src=\"https:\/\/www.ltf.de\/wp-content\/uploads\/2022\/04\/Langarm-1024x723.jpg\" alt=\"\" class=\"wp-image-2549\" srcset=\"https:\/\/www.ltf.de\/wp-content\/uploads\/2022\/04\/Langarm-1024x723.jpg 1024w, https:\/\/www.ltf.de\/wp-content\/uploads\/2022\/04\/Langarm-300x212.jpg 300w, https:\/\/www.ltf.de\/wp-content\/uploads\/2022\/04\/Langarm-768x542.jpg 768w, https:\/\/www.ltf.de\/wp-content\/uploads\/2022\/04\/Langarm-1536x1085.jpg 1536w, https:\/\/www.ltf.de\/wp-content\/uploads\/2022\/04\/Langarm-2048x1446.jpg 2048w\" sizes=\"auto, (max-width: 1024px) 100vw, 1024px\" \/><\/a><\/figure>\n\n\n\n<figure class=\"wp-block-image size-large\"><a href=\"https:\/\/www.ltf.de\/wp-content\/uploads\/2022\/04\/LangarmR-scaled.jpg\"><img loading=\"lazy\" decoding=\"async\" width=\"1024\" height=\"755\" data-id=\"2548\" src=\"https:\/\/www.ltf.de\/wp-content\/uploads\/2022\/04\/LangarmR-1024x755.jpg\" alt=\"\" class=\"wp-image-2548\" srcset=\"https:\/\/www.ltf.de\/wp-content\/uploads\/2022\/04\/LangarmR-1024x755.jpg 1024w, https:\/\/www.ltf.de\/wp-content\/uploads\/2022\/04\/LangarmR-300x221.jpg 300w, https:\/\/www.ltf.de\/wp-content\/uploads\/2022\/04\/LangarmR-768x566.jpg 768w, https:\/\/www.ltf.de\/wp-content\/uploads\/2022\/04\/LangarmR-1536x1132.jpg 1536w, https:\/\/www.ltf.de\/wp-content\/uploads\/2022\/04\/LangarmR-2048x1510.jpg 2048w\" sizes=\"auto, (max-width: 1024px) 100vw, 1024px\" \/><\/a><\/figure>\n<\/figure>\n\n\n\n<figure class=\"wp-block-table\"><table><tbody><tr><td>Preis<\/td><td>22,00\u20ac<\/td><\/tr><tr><td>Gr\u00f6\u00dfen<\/td><td>Men: S &#8211; M &#8211; L &#8211; XL &#8211; 2XL<br>Woman: XS &#8211; S &#8211; M &#8211; L &#8211; XL<\/td><\/tr><tr><td>Beschreibung<\/td><td>&#8211; 100% Polyester<br>&#8211; Langarmshirt aus Mesh-Jerseystoff<br>&#8211; Reflektierender Logodruck auf Vorder- &amp; R\u00fcckseite<br>&#8211; Regular Fit<br>&#8211; Atmungsaktiv<br>&#8211; Leichtes Material<\/td><\/tr><\/tbody><\/table><figcaption>CORE RUNNING L\/S TEE<\/figcaption><\/figure>\n\n\n\n<p class=\"has-large-font-size\"><strong><mark style=\"background-color:#fff\" class=\"has-inline-color has-blue-color\">CORE GILET<\/mark><\/strong><\/p>\n\n\n\n<figure class=\"wp-block-gallery has-nested-images columns-default is-cropped wp-block-gallery-4 is-layout-flex wp-block-gallery-is-layout-flex\">\n<figure class=\"wp-block-image size-large\"><a href=\"https:\/\/www.ltf.de\/wp-content\/uploads\/2022\/04\/Wes-scaled.jpg\"><img loading=\"lazy\" decoding=\"async\" width=\"2160\" height=\"2560\" data-id=\"2551\" src=\"https:\/\/www.ltf.de\/wp-content\/uploads\/2022\/04\/Wes-scaled.jpg\" alt=\"\" class=\"wp-image-2551\" srcset=\"https:\/\/www.ltf.de\/wp-content\/uploads\/2022\/04\/Wes-scaled.jpg 2160w, https:\/\/www.ltf.de\/wp-content\/uploads\/2022\/04\/Wes-253x300.jpg 253w, https:\/\/www.ltf.de\/wp-content\/uploads\/2022\/04\/Wes-864x1024.jpg 864w, https:\/\/www.ltf.de\/wp-content\/uploads\/2022\/04\/Wes-768x910.jpg 768w, https:\/\/www.ltf.de\/wp-content\/uploads\/2022\/04\/Wes-1296x1536.jpg 1296w, https:\/\/www.ltf.de\/wp-content\/uploads\/2022\/04\/Wes-1728x2048.jpg 1728w\" sizes=\"auto, (max-width: 2160px) 100vw, 2160px\" \/><\/a><\/figure>\n\n\n\n<figure class=\"wp-block-image size-large\"><a href=\"https:\/\/www.ltf.de\/wp-content\/uploads\/2022\/04\/WesR-scaled.jpg\"><img loading=\"lazy\" decoding=\"async\" width=\"2031\" height=\"2560\" data-id=\"2552\" src=\"https:\/\/www.ltf.de\/wp-content\/uploads\/2022\/04\/WesR-scaled.jpg\" alt=\"\" class=\"wp-image-2552\" srcset=\"https:\/\/www.ltf.de\/wp-content\/uploads\/2022\/04\/WesR-scaled.jpg 2031w, https:\/\/www.ltf.de\/wp-content\/uploads\/2022\/04\/WesR-238x300.jpg 238w, https:\/\/www.ltf.de\/wp-content\/uploads\/2022\/04\/WesR-812x1024.jpg 812w, https:\/\/www.ltf.de\/wp-content\/uploads\/2022\/04\/WesR-768x968.jpg 768w, https:\/\/www.ltf.de\/wp-content\/uploads\/2022\/04\/WesR-1219x1536.jpg 1219w, https:\/\/www.ltf.de\/wp-content\/uploads\/2022\/04\/WesR-1625x2048.jpg 1625w\" sizes=\"auto, (max-width: 2031px) 100vw, 2031px\" \/><\/a><\/figure>\n<\/figure>\n\n\n\n<figure class=\"wp-block-table\"><table><tbody><tr><td>Preis<\/td><td>34,00\u20ac<\/td><\/tr><tr><td>Gr\u00f6\u00dfen<\/td><td>Men: S &#8211; M &#8211; L &#8211; XL &#8211; 2XL &#8211; 3XL<br>Woman: XS &#8211; S &#8211; M &#8211; L &#8211; XL<\/td><\/tr><tr><td>Beschreibung<\/td><td>&#8211; 100% Polyester<br>&#8211; Langarmshirt aus Mesh-Jerseystoff<br>&#8211; Frontrei\u00dfverschluss mit Zippergarage<br>&#8211; Brusttasche mit Rei\u00dfverschluss<br>&#8211; Reflektierender Logodruck auf Vorder- &amp; R\u00fcckseite<br>&#8211; Regular Fit<br>&#8211; Windabweisend<br>&#8211; Atmungsaktiv<br>&#8211; Wasserabweisend<br>&#8211; Leichtes Material<\/td><\/tr><\/tbody><\/table><figcaption>CORE Gilet<\/figcaption><\/figure>\n\n\n\n<p class=\"has-large-font-size\"><strong><mark style=\"background-color:#fff\" class=\"has-inline-color has-blue-color\">CORE TIGHTS<\/mark><\/strong><\/p>\n\n\n\n<figure class=\"wp-block-gallery has-nested-images columns-default is-cropped wp-block-gallery-5 is-layout-flex wp-block-gallery-is-layout-flex\">\n<figure class=\"wp-block-image size-large\"><a href=\"https:\/\/www.ltf.de\/wp-content\/uploads\/2022\/04\/Hos-scaled.jpg\"><img loading=\"lazy\" decoding=\"async\" width=\"772\" height=\"1024\" data-id=\"2554\" src=\"https:\/\/www.ltf.de\/wp-content\/uploads\/2022\/04\/Hos-772x1024.jpg\" alt=\"\" class=\"wp-image-2554\" srcset=\"https:\/\/www.ltf.de\/wp-content\/uploads\/2022\/04\/Hos-772x1024.jpg 772w, https:\/\/www.ltf.de\/wp-content\/uploads\/2022\/04\/Hos-226x300.jpg 226w, https:\/\/www.ltf.de\/wp-content\/uploads\/2022\/04\/Hos-768x1019.jpg 768w, https:\/\/www.ltf.de\/wp-content\/uploads\/2022\/04\/Hos-1158x1536.jpg 1158w, https:\/\/www.ltf.de\/wp-content\/uploads\/2022\/04\/Hos-1544x2048.jpg 1544w, https:\/\/www.ltf.de\/wp-content\/uploads\/2022\/04\/Hos-scaled.jpg 1929w\" sizes=\"auto, (max-width: 772px) 100vw, 772px\" \/><\/a><\/figure>\n\n\n\n<figure class=\"wp-block-image size-large\"><a href=\"https:\/\/www.ltf.de\/wp-content\/uploads\/2022\/04\/HosR-scaled.jpg\"><img loading=\"lazy\" decoding=\"async\" width=\"931\" height=\"1024\" data-id=\"2555\" src=\"https:\/\/www.ltf.de\/wp-content\/uploads\/2022\/04\/HosR-931x1024.jpg\" alt=\"\" class=\"wp-image-2555\" srcset=\"https:\/\/www.ltf.de\/wp-content\/uploads\/2022\/04\/HosR-931x1024.jpg 931w, https:\/\/www.ltf.de\/wp-content\/uploads\/2022\/04\/HosR-273x300.jpg 273w, https:\/\/www.ltf.de\/wp-content\/uploads\/2022\/04\/HosR-768x845.jpg 768w, https:\/\/www.ltf.de\/wp-content\/uploads\/2022\/04\/HosR-1396x1536.jpg 1396w, https:\/\/www.ltf.de\/wp-content\/uploads\/2022\/04\/HosR-1861x2048.jpg 1861w\" sizes=\"auto, (max-width: 931px) 100vw, 931px\" \/><\/a><\/figure>\n<\/figure>\n\n\n\n<figure class=\"wp-block-table\"><table><tbody><tr><td>Preis<\/td><td>27,00\u20ac<\/td><\/tr><tr><td>Gr\u00f6\u00dfen<\/td><td>Men: S &#8211; M &#8211; L &#8211; XL &#8211; 2XL <br>Woman: XS &#8211; S &#8211; M &#8211; L &#8211; XL &#8211; 2XL<\/td><\/tr><tr><td>Beschreibung<\/td><td>&#8211; 74% Polyester, 26% Elasthan<br>&#8211; Elastischer Bund mit Kordelzug<br>&#8211; Seitentasche aus Mesh-Material<br>&#8211; Rei\u00dfverschluss hinten<br>&#8211; Rei\u00dfverschluss an der Wade<br>&#8211; Reflektierender Logodruck auf Vorder- &amp; R\u00fcckseite<br>&#8211; Tight Fi<br>&#8211; Atmunsaktiv<\/td><\/tr><\/tbody><\/table><figcaption>CORE TIGHTS<\/figcaption><\/figure>\n\n\n\n<p class=\"has-large-font-size\"><strong><mark style=\"background-color:#fff\" class=\"has-inline-color has-blue-color\">CORE CROSS JACKET<\/mark><\/strong><\/p>\n\n\n\n<figure class=\"wp-block-gallery has-nested-images columns-default is-cropped wp-block-gallery-6 is-layout-flex wp-block-gallery-is-layout-flex\">\n<figure class=\"wp-block-image size-large\"><a href=\"https:\/\/www.ltf.de\/wp-content\/uploads\/2022\/04\/Train-scaled.jpg\"><img loading=\"lazy\" decoding=\"async\" width=\"2560\" height=\"1714\" data-id=\"2557\" src=\"https:\/\/www.ltf.de\/wp-content\/uploads\/2022\/04\/Train-scaled.jpg\" alt=\"\" class=\"wp-image-2557\" srcset=\"https:\/\/www.ltf.de\/wp-content\/uploads\/2022\/04\/Train-scaled.jpg 2560w, https:\/\/www.ltf.de\/wp-content\/uploads\/2022\/04\/Train-300x201.jpg 300w, https:\/\/www.ltf.de\/wp-content\/uploads\/2022\/04\/Train-1024x685.jpg 1024w, https:\/\/www.ltf.de\/wp-content\/uploads\/2022\/04\/Train-768x514.jpg 768w, https:\/\/www.ltf.de\/wp-content\/uploads\/2022\/04\/Train-1536x1028.jpg 1536w, https:\/\/www.ltf.de\/wp-content\/uploads\/2022\/04\/Train-2048x1371.jpg 2048w\" sizes=\"auto, (max-width: 2560px) 100vw, 2560px\" \/><\/a><\/figure>\n\n\n\n<figure class=\"wp-block-image size-large\"><a href=\"https:\/\/www.ltf.de\/wp-content\/uploads\/2022\/04\/UnbenanntR-scaled.jpg\"><img loading=\"lazy\" decoding=\"async\" width=\"2560\" height=\"1728\" data-id=\"2558\" src=\"https:\/\/www.ltf.de\/wp-content\/uploads\/2022\/04\/UnbenanntR-scaled.jpg\" alt=\"\" class=\"wp-image-2558\" srcset=\"https:\/\/www.ltf.de\/wp-content\/uploads\/2022\/04\/UnbenanntR-scaled.jpg 2560w, https:\/\/www.ltf.de\/wp-content\/uploads\/2022\/04\/UnbenanntR-300x202.jpg 300w, https:\/\/www.ltf.de\/wp-content\/uploads\/2022\/04\/UnbenanntR-1024x691.jpg 1024w, https:\/\/www.ltf.de\/wp-content\/uploads\/2022\/04\/UnbenanntR-768x518.jpg 768w, https:\/\/www.ltf.de\/wp-content\/uploads\/2022\/04\/UnbenanntR-1536x1037.jpg 1536w, https:\/\/www.ltf.de\/wp-content\/uploads\/2022\/04\/UnbenanntR-2048x1382.jpg 2048w\" sizes=\"auto, (max-width: 2560px) 100vw, 2560px\" \/><\/a><\/figure>\n<\/figure>\n\n\n\n<figure class=\"wp-block-table\"><table><tbody><tr><td>Preis<\/td><td>48,00\u20ac<\/td><\/tr><tr><td>Gr\u00f6\u00dfen<\/td><td>Men: S &#8211; M &#8211; L &#8211; XL &#8211; 2XL <br>Woman: XS &#8211; S &#8211; M &#8211; L &#8211; XL<\/td><\/tr><tr><td>Beschreibung<\/td><td>&#8211; 81% Polyester, 19% Elasthan<br>&#8211; Brusttasche mit Rei\u00dfverschluss<br>&#8211; Frontrei\u00dfverschluss mit Zippergarage<br>&#8211; Elastischer \u00c4rmelsaum<br>&#8211; Reflektierender Logodruck auf Vorder- &amp; R\u00fcckseite<br>&#8211; Windabweisend<br>&#8211; Atmungsaktiv<br>&#8211; Wasserabweisend<br>&#8211; Leichtes Material<\/td><\/tr><\/tbody><\/table><figcaption>CORE CROSS JACKET<\/figcaption><\/figure>\n\n\n\n<p class=\"has-large-font-size\"><strong><mark style=\"background-color:#fff\" class=\"has-inline-color has-blue-color\">CORE JACKET<\/mark><\/strong><\/p>\n\n\n\n<figure class=\"wp-block-gallery has-nested-images columns-default is-cropped wp-block-gallery-7 is-layout-flex wp-block-gallery-is-layout-flex\">\n<figure class=\"wp-block-image size-large\"><a href=\"https:\/\/www.ltf.de\/wp-content\/uploads\/2022\/04\/Train-scaled.jpg\"><img loading=\"lazy\" decoding=\"async\" width=\"2560\" height=\"1714\" data-id=\"2557\" src=\"https:\/\/www.ltf.de\/wp-content\/uploads\/2022\/04\/Train-scaled.jpg\" alt=\"\" class=\"wp-image-2557\" srcset=\"https:\/\/www.ltf.de\/wp-content\/uploads\/2022\/04\/Train-scaled.jpg 2560w, https:\/\/www.ltf.de\/wp-content\/uploads\/2022\/04\/Train-300x201.jpg 300w, https:\/\/www.ltf.de\/wp-content\/uploads\/2022\/04\/Train-1024x685.jpg 1024w, https:\/\/www.ltf.de\/wp-content\/uploads\/2022\/04\/Train-768x514.jpg 768w, https:\/\/www.ltf.de\/wp-content\/uploads\/2022\/04\/Train-1536x1028.jpg 1536w, https:\/\/www.ltf.de\/wp-content\/uploads\/2022\/04\/Train-2048x1371.jpg 2048w\" sizes=\"auto, (max-width: 2560px) 100vw, 2560px\" \/><\/a><\/figure>\n\n\n\n<figure class=\"wp-block-image size-large\"><a href=\"https:\/\/www.ltf.de\/wp-content\/uploads\/2022\/04\/UnbenanntR-scaled.jpg\"><img loading=\"lazy\" decoding=\"async\" width=\"2560\" height=\"1728\" data-id=\"2558\" src=\"https:\/\/www.ltf.de\/wp-content\/uploads\/2022\/04\/UnbenanntR-scaled.jpg\" alt=\"\" class=\"wp-image-2558\" srcset=\"https:\/\/www.ltf.de\/wp-content\/uploads\/2022\/04\/UnbenanntR-scaled.jpg 2560w, https:\/\/www.ltf.de\/wp-content\/uploads\/2022\/04\/UnbenanntR-300x202.jpg 300w, https:\/\/www.ltf.de\/wp-content\/uploads\/2022\/04\/UnbenanntR-1024x691.jpg 1024w, https:\/\/www.ltf.de\/wp-content\/uploads\/2022\/04\/UnbenanntR-768x518.jpg 768w, https:\/\/www.ltf.de\/wp-content\/uploads\/2022\/04\/UnbenanntR-1536x1037.jpg 1536w, https:\/\/www.ltf.de\/wp-content\/uploads\/2022\/04\/UnbenanntR-2048x1382.jpg 2048w\" sizes=\"auto, (max-width: 2560px) 100vw, 2560px\" \/><\/a><\/figure>\n<\/figure>\n\n\n\n<figure class=\"wp-block-table\"><table><tbody><tr><td>Preis<\/td><td>45,00\u20ac<\/td><\/tr><tr><td>Gr\u00f6\u00dfen<\/td><td>Men: S &#8211; M &#8211; L &#8211; XL &#8211; 2XL &#8211; 3XL<br>Woman: XS &#8211; S &#8211; M &#8211; L &#8211; XL<\/td><\/tr><tr><td>Beschreibung<\/td><td>&#8211; 100% Polyester<br>&#8211; Jacke aus Polyestergewebe mit \u00c4rmeleinsatz aus Stickmaterial<br>&#8211; Brusttasche mit Rei\u00dfverschluss<br>&#8211; Frontrei\u00dfverschluss mit Zippergarage<br>&#8211; Reflektierender Logodruck auf Vorder- &amp; R\u00fcckseite<br>&#8211; Regular Fit<br>&#8211; Windabweisend<br>&#8211; Atmungsaktiv<br>&#8211; Wasserabweichsend<br>&#8211; Leichtes Material<\/td><\/tr><\/tbody><\/table><figcaption>CORE JACKET<\/figcaption><\/figure>\n\n\n\n<p class=\"has-large-font-size\"><strong><mark style=\"background-color:#fff\" class=\"has-inline-color has-blue-color\">CORE JACKET<\/mark><\/strong><\/p>\n\n\n\n<p>Bild folgt<\/p>\n\n\n\n<figure class=\"wp-block-table\"><table><tbody><tr><td>Preis<\/td><td>26,00\u20ac<\/td><\/tr><tr><td>Gr\u00f6\u00dfen<\/td><td>Men: S &#8211; M &#8211; L &#8211; XL &#8211; 2XL <br>Woman: XS &#8211; S &#8211; M &#8211; L &#8211; XL<\/td><\/tr><tr><td>Beschreibung<\/td><td>&#8211; 100% Polyester<br>&#8211; Elastischer Bund mit Kordelzug<br>&#8211; Rei\u00dfverschluss an den Seiten<br>&#8211; Rei\u00dfverschluss an der Wade<br>&#8211; Reflektierender Logodruck auf Vorder- &amp; R\u00fcckseite<br>&#8211; Regular Fit<br>&#8211; Atmungsaktiv<br>&#8211; Leichtes Material<\/td><\/tr><\/tbody><\/table><figcaption>CORE PANTS<\/figcaption><\/figure>\n\n\n\n<p class=\"has-large-font-size\"><strong><mark style=\"background-color:#fff\" class=\"has-inline-color has-blue-color\">Vereinsdruck auf Laufkleider<\/mark><\/strong><\/p>\n\n\n\n<figure class=\"wp-block-gallery has-nested-images columns-default is-cropped wp-block-gallery-8 is-layout-flex wp-block-gallery-is-layout-flex\">\n<figure class=\"wp-block-image size-large\"><a href=\"https:\/\/www.ltf.de\/wp-content\/uploads\/2022\/04\/Logo-scaled.jpg\"><img loading=\"lazy\" decoding=\"async\" width=\"869\" height=\"1024\" data-id=\"2642\" src=\"https:\/\/www.ltf.de\/wp-content\/uploads\/2022\/04\/Logo-869x1024.jpg\" alt=\"\" class=\"wp-image-2642\" srcset=\"https:\/\/www.ltf.de\/wp-content\/uploads\/2022\/04\/Logo-869x1024.jpg 869w, https:\/\/www.ltf.de\/wp-content\/uploads\/2022\/04\/Logo-255x300.jpg 255w, https:\/\/www.ltf.de\/wp-content\/uploads\/2022\/04\/Logo-768x905.jpg 768w, https:\/\/www.ltf.de\/wp-content\/uploads\/2022\/04\/Logo-1304x1536.jpg 1304w, https:\/\/www.ltf.de\/wp-content\/uploads\/2022\/04\/Logo-1739x2048.jpg 1739w\" sizes=\"auto, (max-width: 869px) 100vw, 869px\" \/><\/a><\/figure>\n\n\n\n<figure class=\"wp-block-image size-large\"><a href=\"https:\/\/www.ltf.de\/wp-content\/uploads\/2022\/04\/Text-scaled.jpg\"><img loading=\"lazy\" decoding=\"async\" width=\"1024\" height=\"366\" data-id=\"2641\" src=\"https:\/\/www.ltf.de\/wp-content\/uploads\/2022\/04\/Text-1024x366.jpg\" alt=\"\" class=\"wp-image-2641\" srcset=\"https:\/\/www.ltf.de\/wp-content\/uploads\/2022\/04\/Text-1024x366.jpg 1024w, https:\/\/www.ltf.de\/wp-content\/uploads\/2022\/04\/Text-300x107.jpg 300w, https:\/\/www.ltf.de\/wp-content\/uploads\/2022\/04\/Text-768x275.jpg 768w, https:\/\/www.ltf.de\/wp-content\/uploads\/2022\/04\/Text-1536x550.jpg 1536w, https:\/\/www.ltf.de\/wp-content\/uploads\/2022\/04\/Text-2048x733.jpg 2048w\" sizes=\"auto, (max-width: 1024px) 100vw, 1024px\" \/><\/a><\/figure>\n<\/figure>\n\n\n\n<figure class=\"wp-block-table\"><table><tbody><tr><td>Preis<\/td><td>Vereinslogo: 2,00\u20ac<br>LTF-Schriftzug: 2,50\u20ac<\/td><\/tr><\/tbody><\/table><figcaption>Vereinsdruck auf eigene Laufkleider<\/figcaption><\/figure>\n\n\n\n<p class=\"has-large-font-size\"><strong><em>Bestellformular<\/em><\/strong><\/p>\n\n\n\n<div class=\"wp-block-contact-form-7-contact-form-selector\">[contact-form-7 id=&#8220;2561&#8243; title=&#8220;Kontaktformular 1&#8243;]<\/div>\n","protected":false},"excerpt":{"rendered":"<p>Unsere neue Vereinskollektion ist von der Firma Newline und wird in regelm\u00e4\u00dfigen Abst\u00e4nden erweitert. In der Produktbeschreibung findet ihr alle Angaben zum jeweiligen Artikel. Trotzdem empfehlen wir, nach Absprache, alle Artikel im Lauftreff anzuprobieren, da die Kleidung eher kleiner ausf\u00e4llt. &hellip; <a href=\"https:\/\/www.ltf.de\/?page_id=334\">Weiterlesen <span class=\"meta-nav\">&rarr;<\/span><\/a><\/p>\n","protected":false},"author":3,"featured_media":2529,"parent":59,"menu_order":12,"comment_status":"closed","ping_status":"open","template":"","meta":{"_EventAllDay":false,"_EventTimezone":"","_EventStartDate":"","_EventEndDate":"","_EventStartDateUTC":"","_EventEndDateUTC":"","_EventShowMap":false,"_EventShowMapLink":false,"_EventURL":"","_EventCost":"","_EventCostDescription":"","_EventCurrencySymbol":"","_EventCurrencyCode":"","_EventCurrencyPosition":"","_EventDateTimeSeparator":"","_EventTimeRangeSeparator":"","_EventOrganizerID":[],"_EventVenueID":[],"_OrganizerEmail":"","_OrganizerPhone":"","_OrganizerWebsite":"","_VenueAddress":"","_VenueCity":"","_VenueCountry":"","_VenueProvince":"","_VenueState":"","_VenueZip":"","_VenuePhone":"","_VenueURL":"","_VenueStateProvince":"","_VenueLat":"","_VenueLng":"","_VenueShowMap":false,"_VenueShowMapLink":false,"footnotes":""},"class_list":["post-334","page","type-page","status-publish","has-post-thumbnail","hentry"],"_links":{"self":[{"href":"https:\/\/www.ltf.de\/index.php?rest_route=\/wp\/v2\/pages\/334","targetHints":{"allow":["GET"]}}],"collection":[{"href":"https:\/\/www.ltf.de\/index.php?rest_route=\/wp\/v2\/pages"}],"about":[{"href":"https:\/\/www.ltf.de\/index.php?rest_route=\/wp\/v2\/types\/page"}],"author":[{"embeddable":true,"href":"https:\/\/www.ltf.de\/index.php?rest_route=\/wp\/v2\/users\/3"}],"replies":[{"embeddable":true,"href":"https:\/\/www.ltf.de\/index.php?rest_route=%2Fwp%2Fv2%2Fcomments&post=334"}],"version-history":[{"count":33,"href":"https:\/\/www.ltf.de\/index.php?rest_route=\/wp\/v2\/pages\/334\/revisions"}],"predecessor-version":[{"id":2657,"href":"https:\/\/www.ltf.de\/index.php?rest_route=\/wp\/v2\/pages\/334\/revisions\/2657"}],"up":[{"embeddable":true,"href":"https:\/\/www.ltf.de\/index.php?rest_route=\/wp\/v2\/pages\/59"}],"wp:featuredmedia":[{"embeddable":true,"href":"https:\/\/www.ltf.de\/index.php?rest_route=\/wp\/v2\/media\/2529"}],"wp:attachment":[{"href":"https:\/\/www.ltf.de\/index.php?rest_route=%2Fwp%2Fv2%2Fmedia&parent=334"}],"curies":[{"name":"wp","href":"https:\/\/api.w.org\/{rel}","templated":true}]}}